{"id":72,"date":"2019-03-04T15:45:32","date_gmt":"2019-03-04T14:45:32","guid":{"rendered":"https:\/\/www.awizio.com\/?page_id=72"},"modified":"2019-03-04T15:45:32","modified_gmt":"2019-03-04T14:45:32","slug":"impressum","status":"publish","type":"page","link":"https:\/\/www.awizio.com\/?page_id=72","title":{"rendered":"IMPRESSUM"},"content":{"rendered":"\n<h3 class=\"wp-block-heading\">Verantwortlich laut \u00a7 6 Teledienstgesetz<\/h3>\n\n\n\n<p>@wizio software services UG (haftungsbeschr\u00e4nkt)<br>Alte Burgstr. 17<br>51147 K\u00f6ln<\/p>\n\n\n\n<p>Telefon: +49 2203 \/ 38081<br>Telefax: +49 2203 \/ 38082<br><\/p>\n\n\n\n<p>E-Mail<br><a href=\"mailto:info@awizio.com\">info@awizio.com<\/a><\/p>\n\n\n\n<p>Gesch\u00e4ftsf\u00fchrer: Christian Awizio<\/p>\n\n\n\n<p>Registergericht: Amtsgericht K\u00f6ln<br>Registernummer: HRB 76590<br>Steuernummer: 216\/5862\/1797<br>Ust-ID: DE285372285<\/p>\n","protected":false},"excerpt":{"rendered":"<p>Verantwortlich laut \u00a7 6 Teledienstgesetz @wizio software services UG (haftungsbeschr\u00e4nkt)Alte Burgstr. 1751147 K\u00f6ln Telefon: +49 2203 \/ 38081Telefax: +49 2203 \/ 38082 E-Mailinfo@awizio.com Gesch\u00e4ftsf\u00fchrer: Christian Awizio Registergericht: Amtsgericht K\u00f6lnRegisternummer: HRB 76590Steuernummer: 216\/5862\/1797Ust-ID: DE285372285<\/p>\n","protected":false},"author":2,"featured_media":0,"parent":0,"menu_order":0,"comment_status":"closed","ping_status":"closed","template":"","meta":[],"_links":{"self":[{"href":"https:\/\/www.awizio.com\/index.php?rest_route=\/wp\/v2\/pages\/72"}],"collection":[{"href":"https:\/\/www.awizio.com\/index.php?rest_route=\/wp\/v2\/pages"}],"about":[{"href":"https:\/\/www.awizio.com\/index.php?rest_route=\/wp\/v2\/types\/page"}],"author":[{"embeddable":true,"href":"https:\/\/www.awizio.com\/index.php?rest_route=\/wp\/v2\/users\/2"}],"replies":[{"embeddable":true,"href":"https:\/\/www.awizio.com\/index.php?rest_route=%2Fwp%2Fv2%2Fcomments&post=72"}],"version-history":[{"count":3,"href":"https:\/\/www.awizio.com\/index.php?rest_route=\/wp\/v2\/pages\/72\/revisions"}],"predecessor-version":[{"id":75,"href":"https:\/\/www.awizio.com\/index.php?rest_route=\/wp\/v2\/pages\/72\/revisions\/75"}],"wp:attachment":[{"href":"https:\/\/www.awizio.com\/index.php?rest_route=%2Fwp%2Fv2%2Fmedia&parent=72"}],"curies":[{"name":"wp","href":"https:\/\/api.w.org\/{rel}","templated":true}]}}