{"id":18,"date":"2019-03-04T15:18:57","date_gmt":"2019-03-04T14:18:57","guid":{"rendered":"https:\/\/www.awizio.com\/?page_id=18"},"modified":"2019-03-04T15:18:57","modified_gmt":"2019-03-04T14:18:57","slug":"datenschutzerklaerung","status":"publish","type":"page","link":"https:\/\/www.awizio.com\/?page_id=18","title":{"rendered":"DATENSCHUTZERKL\u00c4RUNG"},"content":{"rendered":"\n<p><\/p>\n\n\n\n<p>F\u00fcr die @wizio software services UG (haftungsbeschr\u00e4nkt) hat ein verantwortungsbewusster Umgang mit personenbezogenen Daten hohe Priorit\u00e4t. Wir m\u00f6chten, dass Sie wissen, wann wir welche Daten erheben und wie wir sie verwenden. Wir haben technische und organisatorische Ma\u00dfnahmen getroffen, die sicherstellen, dass die Vorschriften \u00fcber den Datenschutz sowohl von uns als auch von unseren externen Dienstleistern beachtet werden. Im Zuge der Weiterentwicklung unserer Webseiten und der Implementierung neuer Technologien k\u00f6nnen \u00c4nderungen dieser Datenschutzerkl\u00e4rung erforderlich werden. Daher empfehlen wir Ihnen, sich diese Datenschutzerkl\u00e4rung ab und zu erneut durchzulesen.<\/p>\n\n\n\n<p>Zugriff auf das Internetangebot der @wizio software services UG (haftungsbeschr\u00e4nkt)<\/p>\n\n\n\n<p>Jeder Ihrer Zugriffe auf das Internetangebot der @wizio software services UG (haftungsbeschr\u00e4nkt) wird in einer Protokolldatei f\u00fcr eine begrenzte Zeit mit folgenden Daten gespeichert:<\/p>\n\n\n\n<p>&#8211; Datum und Uhrzeit des Abrufs<\/p>\n\n\n\n<p>&#8211; Anfragedetails und Zieladresse<\/p>\n\n\n\n<p>&#8211; Name der abgerufenen Datei und \u00fcbertragene Datenmenge<\/p>\n\n\n\n<p>&#8211; Meldung, ob der Abruf erfolgreich war<\/p>\n\n\n\n<p>Diese Daten werden f\u00fcr statistische und Sicherungszwecke sowie zur Optimierung des Internetangebotes ausgewertet. Es erfolgt keine personenbezogene Auswertung oder Profilbildung. Dessen ungeachtet behalten wir uns vor, Ihre IP-Adresse bei Angriffen auf die Internetinfrastruktur der @wizio software services UG (haftungsbeschr\u00e4nkt) auszuwerten.<\/p>\n\n\n\n<p>Einsatz von Cookies<\/p>\n\n\n\n<p>Auf den Seiten der @wizio software services UG (haftungsbeschr\u00e4nkt) sogenannte Cookies eingesetzt. Cookies sind kleine Textdateien, die auf Ihrem Computer gespeichert werden. Wir ben\u00f6tigen sie zur Lastverteilung der Server und der Erh\u00f6hung der Sicherheit unserer Anwendungen. Diese Cookies bleiben nur bis zum Ende der jeweiligen Sitzung g\u00fcltig, Sie k\u00f6nnen die Verwendung von Cookies durch eine entsprechende Einstellung Ihrer Browsersoftware verhindern. Dies kann jedoch dazu f\u00fchren, dass Sie unsere Internetseite nicht im kompletten Umfang verwenden k\u00f6nnen.<\/p>\n\n\n\n<p>E-Mailing, Bestellungen und sonstige Kontakte<\/p>\n\n\n\n<p>Bei der Bestellung von Informationsmaterial, Brosch\u00fcren oder Produkten wird nach Ihrem Namen und anderen pers\u00f6nlichen Informationen gefragt. Es unterliegt dabei Ihrer freien Entscheidung, ob Sie diese Daten mitteilen m\u00f6chten. Bei Ihrer Bestellung werden Ihre angegebenen pers\u00f6nlichen Daten nur f\u00fcr die Abwicklung der Bestellung verwandt. Dies schlie\u00dft die Weitergabe an Vertriebsfirmen, die von der @wizio software services UG (haftungsbeschr\u00e4nkt) beauftragt sind, mit ein. Entsprechende Angaben werden dabei auf besonders gesch\u00fctzten Servern in Deutschland gespeichert. Der Zugriff darauf ist nur wenigen, f\u00fcr die technisch-administrative Betreuung der Server zust\u00e4ndigen befugten Personen m\u00f6glich.<\/p>\n\n\n\n<p>Ihre sonstigen Anfragen bei der @wizio software services UG (haftungsbeschr\u00e4nkt) werden in Papier oder elektronischer Form gem\u00e4\u00df den f\u00fcr die Aufbewahrung von Schriftgut geltenden Fristen der Registraturrichtlinie aufbewahrt. Die Verwendung Ihrer Daten erfolgt ausschlie\u00dflich f\u00fcr die unmittelbare Korrespondenz mit Ihnen.<\/p>\n\n\n\n<p>Weitergabe personenbezogener Daten an Dritte<\/p>\n\n\n\n<p>Daten, die beim Zugriff auf das Internetangebot der @wizio software services UG (haftungsbeschr\u00e4nkt) protokolliert wurden, werden an Dritte nur \u00fcbermittelt, soweit wir gesetzlich oder durch Gerichtsentscheidung dazu verpflichtet sind oder dies im Falle von Angriffen auf die Internetinfrastruktur zur Rechts- oder Strafverfolgung erforderlich ist.<\/p>\n\n\n\n<p>Im Falle der Bestellung von Informationsmaterial, Brosch\u00fcren oder Produkten verwenden wir die von Ihnen eingegebenen personenbezogenen Informationen nur innerhalb der @wizio software services UG (haftungsbeschr\u00e4nkt) und den mit der Abwicklung der Bestellung beauftragten Unternehmen.<\/p>\n\n\n\n<p>Eine Weitergabe an Dritte, zu kommerziellen oder nichtkommerziellen Zwecken, findet dar\u00fcber hinaus ohne Ihre ausdr\u00fcckliche Einwilligung nicht statt.<\/p>\n\n\n\n<p>Minderj\u00e4hrigenschutz<\/p>\n\n\n\n<p>Personen unter 18 Jahren sollten ohne Zustimmung der Eltern oder Erziehungsberechtigten keine personenbezogenen Daten an uns \u00fcbermitteln. Wir fordern keine personenbezogenen Daten von Kindern und Jugendlichen an. Wissentlich sammeln wir solche Daten nicht und geben sie auch nicht an Dritte weiter.<\/p>\n\n\n\n<p>Datenschutzerkl\u00e4rung f\u00fcr die sozialen Medien<\/p>\n\n\n\n<p>Die @wizio software services UG (haftungsbeschr\u00e4nkt) nimmt die derzeitige Diskussion um den Datenschutz in sozialen Netzwerken sehr ernst. Es ist gegenw\u00e4rtig rechtlich nicht abschlie\u00dfend gekl\u00e4rt, ob und inwieweit alle Netzwerke ihre Dienste im Einklang mit europ\u00e4ischen datenschutzrechtlichen Bestimmungen anbieten.<\/p>\n\n\n\n<p>Wir machen daher ausdr\u00fccklich darauf aufmerksam, dass die seitens der @wizio software services UG (haftungsbeschr\u00e4nkt) genutzten Dienste Twitter, Facebook, Xing, Google+ und YouTube die Daten ihrer Nutzerinnen und Nutzer (z.B. pers\u00f6nliche Informationen, IP-Adresse) entsprechend ihrer Datenverwendungsrichtlinien abspeichern und f\u00fcr gesch\u00e4ftliche Zwecke nutzen.<\/p>\n\n\n\n<p>Die @wizio software services UG (haftungsbeschr\u00e4nkt) hat keinen Einfluss auf die Datenerhebung und deren weitere Verwendung durch die sozialen Netzwerke. So bestehen keine Erkenntnisse dar\u00fcber, in welchem Umfang, an welchem Ort und f\u00fcr welche Dauer die Daten gespeichert werden, inwieweit die Netzwerke bestehenden L\u00f6schpflichten nachkommen, welche Auswertungen und Verkn\u00fcpfungen mit den Daten vorgenommen werden und an wen die Daten weitergegeben werden.<\/p>\n\n\n\n<p>Stand: 20.05.2018<\/p>\n\n\n\n<p><\/p>\n","protected":false},"excerpt":{"rendered":"<p>F\u00fcr die @wizio software services UG (haftungsbeschr\u00e4nkt) hat ein verantwortungsbewusster Umgang mit personenbezogenen Daten hohe Priorit\u00e4t. Wir m\u00f6chten, dass Sie wissen, wann wir welche Daten erheben und wie wir sie verwenden. Wir haben technische und organisatorische Ma\u00dfnahmen getroffen, die sicherstellen, dass die Vorschriften \u00fcber den Datenschutz sowohl von uns als auch von unseren externen Dienstleistern [&hellip;]<\/p>\n","protected":false},"author":2,"featured_media":0,"parent":0,"menu_order":0,"comment_status":"closed","ping_status":"closed","template":"","meta":[],"_links":{"self":[{"href":"https:\/\/www.awizio.com\/index.php?rest_route=\/wp\/v2\/pages\/18"}],"collection":[{"href":"https:\/\/www.awizio.com\/index.php?rest_route=\/wp\/v2\/pages"}],"about":[{"href":"https:\/\/www.awizio.com\/index.php?rest_route=\/wp\/v2\/types\/page"}],"author":[{"embeddable":true,"href":"https:\/\/www.awizio.com\/index.php?rest_route=\/wp\/v2\/users\/2"}],"replies":[{"embeddable":true,"href":"https:\/\/www.awizio.com\/index.php?rest_route=%2Fwp%2Fv2%2Fcomments&post=18"}],"version-history":[{"count":2,"href":"https:\/\/www.awizio.com\/index.php?rest_route=\/wp\/v2\/pages\/18\/revisions"}],"predecessor-version":[{"id":20,"href":"https:\/\/www.awizio.com\/index.php?rest_route=\/wp\/v2\/pages\/18\/revisions\/20"}],"wp:attachment":[{"href":"https:\/\/www.awizio.com\/index.php?rest_route=%2Fwp%2Fv2%2Fmedia&parent=18"}],"curies":[{"name":"wp","href":"https:\/\/api.w.org\/{rel}","templated":true}]}}